{"id":28137,"date":"2025-01-13T00:19:24","date_gmt":"2025-01-13T00:19:24","guid":{"rendered":"https:\/\/thelearnyway.com\/?post_type=product&#038;p=28137"},"modified":"2025-01-13T22:20:37","modified_gmt":"2025-01-13T22:20:37","slug":"full-course","status":"publish","type":"product","link":"https:\/\/thelearnyway.com\/tr\/urun\/full-course\/","title":{"rendered":"Tam Kurs"},"content":{"rendered":"<p><strong><strong>Tam Kurs \u00d6deme Plan\u0131:<\/strong> Her seviyede (A1-C2) \u0130ngilizceyi 3 ayda \u00f6\u011frenin.<\/strong><\/p>\n<p class=\"translation-block\"><strong>Tam Kurs<\/strong> \u00f6deme plan\u0131m\u0131z ile \u0130ngilizce becerilerinizi bir sonraki seviyeye ta\u015f\u0131y\u0131n. Bu plan, sizi <strong>A1<\/strong> seviyesinden <strong>C2<\/strong> seviyesine kadar 3 ayda kapsaml\u0131 bir \u015fekilde y\u00f6nlendirmek i\u00e7in tasarlanm\u0131\u015ft\u0131r. Mevcut seviyenize ve hedeflerinize en uygun kursa kay\u0131t oldu\u011funuzdan emin olmak i\u00e7in bir <strong>yerle\u015ftirme testi<\/strong> ile yolculu\u011funuza ba\u015flay\u0131n.<\/p>\n<p><strong>Kurs \u00d6zellikleri:<\/strong><\/p>\n<ul>\n<li><strong>Haftada 4 Canl\u0131 Ders<\/strong>: Haftada d\u00f6rt g\u00fcn uzman \u0130ngilizce ve T\u00fcrk\u00e7e konu\u015fan \u00f6\u011fretmenlerimizle canl\u0131 etkile\u015fimli oturumlar\u0131m\u0131za kat\u0131l\u0131n.<\/li>\n<li><strong>Konu\u015fma Odakl\u0131<\/strong>:Ger\u00e7ek hayattaki konu\u015fmalarda kendinize g\u00fcveninizi art\u0131rmak i\u00e7in pratik konu\u015fma ve dinleme becerilerine odaklan\u0131n.<\/li>\n<li><strong>T\u00fcm Dersler \u0130\u00e7in Kay\u0131t<\/strong>: Hi\u00e7bir dersi ka\u00e7\u0131rmay\u0131n! \u00d6\u011frendiklerinizi g\u00f6zden ge\u00e7irmek ve peki\u015ftirmek i\u00e7in t\u00fcm canl\u0131 derslerin kay\u0131tlar\u0131na eri\u015fin.<\/li>\n<li><strong>G\u00fcnl\u00fck \u00d6dev<\/strong>: Ders materyallerini peki\u015ftirmek i\u00e7in \u00f6zel olarak haz\u0131rlanm\u0131\u015f g\u00fcnl\u00fck \u00f6devlerle dil becerilerinizi g\u00fc\u00e7lendirin.<\/li>\n<li><strong>Haftal\u0131k De\u011ferlendirme Testleri<\/strong>: \u00d6\u011frendiklerinizi g\u00f6zden ge\u00e7irmenize ve peki\u015ftirmenize yard\u0131mc\u0131 olan haftal\u0131k s\u0131navlarla ilerlemenizi takip edin.<\/li>\n<li><strong>K\u00fc\u00e7\u00fck S\u0131n\u0131flar<\/strong>: K\u00fc\u00e7\u00fck gruplarda ki\u015fiselle\u015ftirilmi\u015f bir \u00f6\u011frenme deneyiminin keyfini \u00e7\u0131kar\u0131n, bireysel ilgi ve etkile\u015fimli \u00f6\u011frenme sa\u011flayarak.<\/li>\n<li><strong>Yapay Zeka \u0130lerleme Takibi<\/strong>: \u0130lerlemenizi izleyen ve sizi motive etmek i\u00e7in geri bildirim sa\u011flayan yapay zeka destekli ara\u00e7larla yolda kal\u0131n.<\/li>\n<li><strong>T\u00fcrk\u00e7e Konu\u015fan \u00d6\u011fretmenler<\/strong>:Her derse ger\u00e7ek hayattaki dil uzmanl\u0131klar\u0131n\u0131 getiren, y\u00fcksek nitelikli T\u00fcrl\u00e7e ve \u0130ngilizce konu\u015fan \u00f6\u011fretmenlerden \u00f6\u011frenin.<\/li>\n<li><strong>\u00dccretsiz E-kitaplar<\/strong>: Derslerinizi tamamlayan, ek pratik ve a\u00e7\u0131klamalar sunan \u00fccretsiz e-kitaplarla \u00f6\u011frenmenizi g\u00fc\u00e7lendirin.<\/li>\n<li><strong>Tamamlama Sertifikas\u0131<\/strong>: Her seviyeyi tamamlad\u0131\u011f\u0131n\u0131zda, ba\u015far\u0131n\u0131z\u0131 g\u00f6stermek ve \u00f6zg\u00fcveninizi art\u0131rmak i\u00e7in bir sertifika al\u0131n.<\/li>\n<\/ul>\n<p class=\"translation-block\">Bu kurs, yap\u0131land\u0131r\u0131lm\u0131\u015f, ilgi \u00e7ekici ve kapsaml\u0131 bir \u00f6\u011frenme deneyimi isteyen her seviyedeki \u00f6\u011frenciler i\u00e7in idealdir. Haftada <strong>4 canl\u0131 ders<\/strong>, <strong>g\u00fcnl\u00fck \u00f6devler<\/strong> ve <strong>konu\u015fma<\/strong>ya odaklanarak, k\u0131sa s\u00fcrede \u0130ngilizceyi g\u00fcvenle konu\u015fabileceksiniz. \u015eimdi kat\u0131l\u0131n ve uzman rehberli\u011fi ve deste\u011fiyle kendi h\u0131z\u0131n\u0131zda ilerleyin!<\/p>","protected":false},"excerpt":{"rendered":"<p>\u2713 4 Live Classes a Week<br \/>\n\u2713 Conversation focused<br \/>\n\u2713 Recording for All Classes<br \/>\n\u2713 Daily Homework<br \/>\n\u2713 Weekly Quizzes<br \/>\n\u2713 Small Classes<br \/>\n\u2713 AI Progress Tracking<br \/>\n\u2713 Native Teachers<br \/>\n\u2713 Free Ebooks<br \/>\n\u2713 Certificate of Completion<\/p>","protected":false},"featured_media":28210,"comment_status":"closed","ping_status":"closed","template":"","meta":{"_acf_changed":false,"site-sidebar-layout":"default","site-content-layout":"","ast-site-content-layout":"default","site-content-style":"default","site-sidebar-style":"default","ast-global-header-display":"","ast-banner-title-visibility":"","ast-main-header-display":"","ast-hfb-above-header-display":"","ast-hfb-below-header-display":"","ast-hfb-mobile-header-display":"","site-post-title":"","ast-breadcrumbs-content":"disabled","ast-featured-img":"disabled","footer-sml-layout":"disabled","theme-transparent-header-meta":"default","adv-header-id-meta":"","stick-header-meta":"","header-above-stick-meta":"","header-main-stick-meta":"","header-below-stick-meta":"","astra-migrate-meta-layouts":"set","ast-page-background-enabled":"default","ast-page-background-meta":{"desktop":{"background-color":"","background-image":"","background-repeat":"repeat","background-position":"center center","background-size":"auto","background-attachment":"scroll","background-type":"","background-media":"","overlay-type":"","overlay-color":"","overlay-opacity":"","overlay-gradient":""},"tablet":{"background-color":"","background-image":"","background-repeat":"repeat","background-position":"center center","background-size":"auto","background-attachment":"scroll","background-type":"","background-media":"","overlay-type":"","overlay-color":"","overlay-opacity":"","overlay-gradient":""},"mobile":{"background-color":"","background-image":"","background-repeat":"repeat","background-position":"center center","background-size":"auto","background-attachment":"scroll","background-type":"","background-media":"","overlay-type":"","overlay-color":"","overlay-opacity":"","overlay-gradient":""}},"ast-content-background-meta":{"desktop":{"background-color":"var(--ast-global-color-5)","background-image":"","background-repeat":"repeat","background-position":"center center","background-size":"auto","background-attachment":"scroll","background-type":"","background-media":"","overlay-type":"","overlay-color":"","overlay-opacity":"","overlay-gradient":""},"tablet":{"background-color":"var(--ast-global-color-5)","background-image":"","background-repeat":"repeat","background-position":"center center","background-size":"auto","background-attachment":"scroll","background-type":"","background-media":"","overlay-type":"","overlay-color":"","overlay-opacity":"","overlay-gradient":""},"mobile":{"background-color":"var(--ast-global-color-5)","background-image":"","background-repeat":"repeat","background-position":"center center","background-size":"auto","background-attachment":"scroll","background-type":"","background-media":"","overlay-type":"","overlay-color":"","overlay-opacity":"","overlay-gradient":""}}},"product_brand":[],"product_cat":[46],"product_tag":[],"class_list":{"0":"post-28137","1":"product","2":"type-product","3":"status-publish","4":"has-post-thumbnail","6":"product_cat-course-plans","7":"desktop-align-center","8":"tablet-align-left","9":"mobile-align-left","11":"first","12":"instock","13":"sale","14":"virtual","15":"sold-individually","16":"purchasable","17":"product-type-simple"},"acf":[],"aioseo_notices":[],"_links":{"self":[{"href":"https:\/\/thelearnyway.com\/tr\/wp-json\/wp\/v2\/product\/28137","targetHints":{"allow":["GET"]}}],"collection":[{"href":"https:\/\/thelearnyway.com\/tr\/wp-json\/wp\/v2\/product"}],"about":[{"href":"https:\/\/thelearnyway.com\/tr\/wp-json\/wp\/v2\/types\/product"}],"replies":[{"embeddable":true,"href":"https:\/\/thelearnyway.com\/tr\/wp-json\/wp\/v2\/comments?post=28137"}],"wp:featuredmedia":[{"embeddable":true,"href":"https:\/\/thelearnyway.com\/tr\/wp-json\/wp\/v2\/media\/28210"}],"wp:attachment":[{"href":"https:\/\/thelearnyway.com\/tr\/wp-json\/wp\/v2\/media?parent=28137"}],"wp:term":[{"taxonomy":"product_brand","embeddable":true,"href":"https:\/\/thelearnyway.com\/tr\/wp-json\/wp\/v2\/product_brand?post=28137"},{"taxonomy":"product_cat","embeddable":true,"href":"https:\/\/thelearnyway.com\/tr\/wp-json\/wp\/v2\/product_cat?post=28137"},{"taxonomy":"product_tag","embeddable":true,"href":"https:\/\/thelearnyway.com\/tr\/wp-json\/wp\/v2\/product_tag?post=28137"}],"curies":[{"name":"wp","href":"https:\/\/api.w.org\/{rel}","templated":true}]}}